{"id":17023,"date":"2022-08-25T17:23:33","date_gmt":"2022-08-25T15:23:33","guid":{"rendered":"https:\/\/lang.com.pl\/?page_id=17023"},"modified":"2023-10-02T11:17:29","modified_gmt":"2023-10-02T09:17:29","slug":"registration-and-payment","status":"publish","type":"page","link":"https:\/\/lang.com.pl\/en\/registration-and-payment\/","title":{"rendered":"Registration and payment"},"content":{"rendered":"\n<div style=\"height:54px\" aria-hidden=\"true\" class=\"wp-block-spacer\"><\/div>\n\n\n\n<div class=\"wp-block-columns is-layout-flex wp-container-core-columns-is-layout-9d6595d7 wp-block-columns-is-layout-flex\">\n<div class=\"wp-block-column is-layout-flow wp-block-column-is-layout-flow\" style=\"flex-basis:15%\"><\/div>\n\n\n\n<div class=\"wp-block-column is-layout-flow wp-block-column-is-layout-flow\" style=\"flex-basis:70%\">\n\n\n\n<div style=\"height:15px\" aria-hidden=\"true\" class=\"wp-block-spacer\"><\/div>\n\n\n\n\n\n<h2 class=\"gb-headline gb-headline-c6798bed gb-headline-text\">REGISTRATION &amp; PAYMENT<\/h2>\n\n\n<div class=\"woocommerce\"><\/div>\n\n\n\n<div style=\"height:100px\" aria-hidden=\"true\" class=\"wp-block-spacer\"><\/div>\n<\/div>\n\n\n\n<div class=\"wp-block-column is-layout-flow wp-block-column-is-layout-flow\" style=\"flex-basis:15%\"><\/div>\n<\/div>\n\n\n\n<div class=\"wp-block-columns is-layout-flex wp-container-core-columns-is-layout-9d6595d7 wp-block-columns-is-layout-flex\">\n<div class=\"wp-block-column is-layout-flow wp-block-column-is-layout-flow\" style=\"flex-basis:100%\"><\/div>\n<\/div>\n\n\n\n<div style=\"height:30px\" aria-hidden=\"true\" class=\"wp-block-spacer\"><\/div>\n\n\n\n<div style=\"height:30px\" aria-hidden=\"true\" class=\"wp-block-spacer\"><\/div>\n","protected":false},"excerpt":{"rendered":"<p>REGISTRATION &amp; PAYMENT<\/p>\n","protected":false},"author":3,"featured_media":14831,"parent":0,"menu_order":15,"comment_status":"closed","ping_status":"closed","template":"","meta":{"_uag_custom_page_level_css":"","footnotes":""},"categories":[],"tags":[],"class_list":["post-17023","page","type-page","status-publish","has-post-thumbnail"],"yoast_head":"<!-- This site is optimized with the Yoast SEO plugin v27.3 - https:\/\/yoast.com\/product\/yoast-seo-wordpress\/ -->\n<title>Registration and payment - Lang LTC<\/title>\n<meta name=\"robots\" content=\"index, follow, max-snippet:-1, max-image-preview:large, max-video-preview:-1\" \/>\n<link rel=\"canonical\" href=\"https:\/\/lang.com.pl\/en\/registration-and-payment\/\" \/>\n<meta property=\"og:locale\" content=\"en_US\" \/>\n<meta property=\"og:type\" content=\"article\" \/>\n<meta property=\"og:title\" content=\"Registration and payment - Lang LTC\" \/>\n<meta property=\"og:description\" content=\"REGISTRATION &amp; PAYMENT\" \/>\n<meta property=\"og:url\" content=\"https:\/\/lang.com.pl\/en\/registration-and-payment\/\" \/>\n<meta property=\"og:site_name\" content=\"Lang LTC\" \/>\n<meta property=\"article:modified_time\" content=\"2023-10-02T09:17:29+00:00\" \/>\n<meta property=\"og:image\" content=\"https:\/\/lang.com.pl\/wp-content\/uploads\/2022\/08\/Untitled-design-12-1024x512.png\" \/>\n\t<meta property=\"og:image:width\" content=\"1024\" \/>\n\t<meta property=\"og:image:height\" content=\"512\" \/>\n\t<meta property=\"og:image:type\" content=\"image\/png\" \/>\n<meta name=\"twitter:card\" content=\"summary_large_image\" \/>\n<meta name=\"twitter:label1\" content=\"Est. reading time\" \/>\n\t<meta name=\"twitter:data1\" content=\"1 minute\" \/>\n<script type=\"application\/ld+json\" class=\"yoast-schema-graph\">{\"@context\":\"https:\\\/\\\/schema.org\",\"@graph\":[{\"@type\":\"WebPage\",\"@id\":\"https:\\\/\\\/lang.com.pl\\\/en\\\/registration-and-payment\\\/\",\"url\":\"https:\\\/\\\/lang.com.pl\\\/en\\\/registration-and-payment\\\/\",\"name\":\"Registration and payment - Lang LTC\",\"isPartOf\":{\"@id\":\"https:\\\/\\\/lang.com.pl\\\/#website\"},\"primaryImageOfPage\":{\"@id\":\"https:\\\/\\\/lang.com.pl\\\/en\\\/registration-and-payment\\\/#primaryimage\"},\"image\":{\"@id\":\"https:\\\/\\\/lang.com.pl\\\/en\\\/registration-and-payment\\\/#primaryimage\"},\"thumbnailUrl\":\"https:\\\/\\\/lang.com.pl\\\/wp-content\\\/uploads\\\/2022\\\/08\\\/Untitled-design-12.png\",\"datePublished\":\"2022-08-25T15:23:33+00:00\",\"dateModified\":\"2023-10-02T09:17:29+00:00\",\"breadcrumb\":{\"@id\":\"https:\\\/\\\/lang.com.pl\\\/en\\\/registration-and-payment\\\/#breadcrumb\"},\"inLanguage\":\"en-US\",\"potentialAction\":[{\"@type\":\"ReadAction\",\"target\":[\"https:\\\/\\\/lang.com.pl\\\/en\\\/registration-and-payment\\\/\"]}]},{\"@type\":\"ImageObject\",\"inLanguage\":\"en-US\",\"@id\":\"https:\\\/\\\/lang.com.pl\\\/en\\\/registration-and-payment\\\/#primaryimage\",\"url\":\"https:\\\/\\\/lang.com.pl\\\/wp-content\\\/uploads\\\/2022\\\/08\\\/Untitled-design-12.png\",\"contentUrl\":\"https:\\\/\\\/lang.com.pl\\\/wp-content\\\/uploads\\\/2022\\\/08\\\/Untitled-design-12.png\",\"width\":6912,\"height\":3456},{\"@type\":\"BreadcrumbList\",\"@id\":\"https:\\\/\\\/lang.com.pl\\\/en\\\/registration-and-payment\\\/#breadcrumb\",\"itemListElement\":[{\"@type\":\"ListItem\",\"position\":1,\"name\":\"Strona g\u0142\u00f3wna\",\"item\":\"https:\\\/\\\/lang.com.pl\\\/en\\\/home\\\/\"},{\"@type\":\"ListItem\",\"position\":2,\"name\":\"Registration and payment\"}]},{\"@type\":\"WebSite\",\"@id\":\"https:\\\/\\\/lang.com.pl\\\/#website\",\"url\":\"https:\\\/\\\/lang.com.pl\\\/\",\"name\":\"Lang LTC\",\"description\":\"Szko\u0142a i Centrum Egzamin\u00f3w J\u0119zykowych Warszawa\",\"publisher\":{\"@id\":\"https:\\\/\\\/lang.com.pl\\\/#organization\"},\"potentialAction\":[{\"@type\":\"SearchAction\",\"target\":{\"@type\":\"EntryPoint\",\"urlTemplate\":\"https:\\\/\\\/lang.com.pl\\\/?s={search_term_string}\"},\"query-input\":{\"@type\":\"PropertyValueSpecification\",\"valueRequired\":true,\"valueName\":\"search_term_string\"}}],\"inLanguage\":\"en-US\"},{\"@type\":\"Organization\",\"@id\":\"https:\\\/\\\/lang.com.pl\\\/#organization\",\"name\":\"Lang LTC\",\"url\":\"https:\\\/\\\/lang.com.pl\\\/\",\"logo\":{\"@type\":\"ImageObject\",\"inLanguage\":\"en-US\",\"@id\":\"https:\\\/\\\/lang.com.pl\\\/#\\\/schema\\\/logo\\\/image\\\/\",\"url\":\"https:\\\/\\\/lang.com.pl\\\/wp-content\\\/uploads\\\/2023\\\/09\\\/logo.png\",\"contentUrl\":\"https:\\\/\\\/lang.com.pl\\\/wp-content\\\/uploads\\\/2023\\\/09\\\/logo.png\",\"width\":300,\"height\":198,\"caption\":\"Lang LTC\"},\"image\":{\"@id\":\"https:\\\/\\\/lang.com.pl\\\/#\\\/schema\\\/logo\\\/image\\\/\"}}]}<\/script>\n<!-- \/ Yoast SEO plugin. -->","yoast_head_json":{"title":"Registration and payment - Lang LTC","robots":{"index":"index","follow":"follow","max-snippet":"max-snippet:-1","max-image-preview":"max-image-preview:large","max-video-preview":"max-video-preview:-1"},"canonical":"https:\/\/lang.com.pl\/en\/registration-and-payment\/","og_locale":"en_US","og_type":"article","og_title":"Registration and payment - Lang LTC","og_description":"REGISTRATION &amp; PAYMENT","og_url":"https:\/\/lang.com.pl\/en\/registration-and-payment\/","og_site_name":"Lang LTC","article_modified_time":"2023-10-02T09:17:29+00:00","og_image":[{"width":1024,"height":512,"url":"https:\/\/lang.com.pl\/wp-content\/uploads\/2022\/08\/Untitled-design-12-1024x512.png","type":"image\/png"}],"twitter_card":"summary_large_image","twitter_misc":{"Est. reading time":"1 minute"},"schema":{"@context":"https:\/\/schema.org","@graph":[{"@type":"WebPage","@id":"https:\/\/lang.com.pl\/en\/registration-and-payment\/","url":"https:\/\/lang.com.pl\/en\/registration-and-payment\/","name":"Registration and payment - Lang LTC","isPartOf":{"@id":"https:\/\/lang.com.pl\/#website"},"primaryImageOfPage":{"@id":"https:\/\/lang.com.pl\/en\/registration-and-payment\/#primaryimage"},"image":{"@id":"https:\/\/lang.com.pl\/en\/registration-and-payment\/#primaryimage"},"thumbnailUrl":"https:\/\/lang.com.pl\/wp-content\/uploads\/2022\/08\/Untitled-design-12.png","datePublished":"2022-08-25T15:23:33+00:00","dateModified":"2023-10-02T09:17:29+00:00","breadcrumb":{"@id":"https:\/\/lang.com.pl\/en\/registration-and-payment\/#breadcrumb"},"inLanguage":"en-US","potentialAction":[{"@type":"ReadAction","target":["https:\/\/lang.com.pl\/en\/registration-and-payment\/"]}]},{"@type":"ImageObject","inLanguage":"en-US","@id":"https:\/\/lang.com.pl\/en\/registration-and-payment\/#primaryimage","url":"https:\/\/lang.com.pl\/wp-content\/uploads\/2022\/08\/Untitled-design-12.png","contentUrl":"https:\/\/lang.com.pl\/wp-content\/uploads\/2022\/08\/Untitled-design-12.png","width":6912,"height":3456},{"@type":"BreadcrumbList","@id":"https:\/\/lang.com.pl\/en\/registration-and-payment\/#breadcrumb","itemListElement":[{"@type":"ListItem","position":1,"name":"Strona g\u0142\u00f3wna","item":"https:\/\/lang.com.pl\/en\/home\/"},{"@type":"ListItem","position":2,"name":"Registration and payment"}]},{"@type":"WebSite","@id":"https:\/\/lang.com.pl\/#website","url":"https:\/\/lang.com.pl\/","name":"Lang LTC","description":"Szko\u0142a i Centrum Egzamin\u00f3w J\u0119zykowych Warszawa","publisher":{"@id":"https:\/\/lang.com.pl\/#organization"},"potentialAction":[{"@type":"SearchAction","target":{"@type":"EntryPoint","urlTemplate":"https:\/\/lang.com.pl\/?s={search_term_string}"},"query-input":{"@type":"PropertyValueSpecification","valueRequired":true,"valueName":"search_term_string"}}],"inLanguage":"en-US"},{"@type":"Organization","@id":"https:\/\/lang.com.pl\/#organization","name":"Lang LTC","url":"https:\/\/lang.com.pl\/","logo":{"@type":"ImageObject","inLanguage":"en-US","@id":"https:\/\/lang.com.pl\/#\/schema\/logo\/image\/","url":"https:\/\/lang.com.pl\/wp-content\/uploads\/2023\/09\/logo.png","contentUrl":"https:\/\/lang.com.pl\/wp-content\/uploads\/2023\/09\/logo.png","width":300,"height":198,"caption":"Lang LTC"},"image":{"@id":"https:\/\/lang.com.pl\/#\/schema\/logo\/image\/"}}]}},"uagb_featured_image_src":{"full":["https:\/\/lang.com.pl\/wp-content\/uploads\/2022\/08\/Untitled-design-12.png",6912,3456,false],"thumbnail":["https:\/\/lang.com.pl\/wp-content\/uploads\/2022\/08\/Untitled-design-12-150x150.png",150,150,true],"medium":["https:\/\/lang.com.pl\/wp-content\/uploads\/2022\/08\/Untitled-design-12-300x150.png",300,150,true],"medium_large":["https:\/\/lang.com.pl\/wp-content\/uploads\/2022\/08\/Untitled-design-12-768x384.png",768,384,true],"large":["https:\/\/lang.com.pl\/wp-content\/uploads\/2022\/08\/Untitled-design-12-1024x512.png",1024,512,true],"1536x1536":["https:\/\/lang.com.pl\/wp-content\/uploads\/2022\/08\/Untitled-design-12-1536x768.png",1536,768,true],"2048x2048":["https:\/\/lang.com.pl\/wp-content\/uploads\/2022\/08\/Untitled-design-12-2048x1024.png",2048,1024,true],"ultp_layout_landscape_large":["https:\/\/lang.com.pl\/wp-content\/uploads\/2022\/08\/Untitled-design-12-1200x800.png",1200,800,true],"ultp_layout_landscape":["https:\/\/lang.com.pl\/wp-content\/uploads\/2022\/08\/Untitled-design-12-870x570.png",870,570,true],"ultp_layout_portrait":["https:\/\/lang.com.pl\/wp-content\/uploads\/2022\/08\/Untitled-design-12-600x900.png",600,900,true],"ultp_layout_square":["https:\/\/lang.com.pl\/wp-content\/uploads\/2022\/08\/Untitled-design-12-600x600.png",600,600,true],"woocommerce_thumbnail":["https:\/\/lang.com.pl\/wp-content\/uploads\/2022\/08\/Untitled-design-12-300x300.png",300,300,true],"woocommerce_single":["https:\/\/lang.com.pl\/wp-content\/uploads\/2022\/08\/Untitled-design-12-600x300.png",600,300,true],"woocommerce_gallery_thumbnail":["https:\/\/lang.com.pl\/wp-content\/uploads\/2022\/08\/Untitled-design-12-100x100.png",100,100,true]},"uagb_author_info":{"display_name":"Katarzyna Ferreira","author_link":"https:\/\/lang.com.pl\/en\/author\/k-ferreiralang-com-pl\/"},"uagb_comment_info":0,"uagb_excerpt":"REGISTRATION &amp; PAYMENT","_links":{"self":[{"href":"https:\/\/lang.com.pl\/en\/wp-json\/wp\/v2\/pages\/17023","targetHints":{"allow":["GET"]}}],"collection":[{"href":"https:\/\/lang.com.pl\/en\/wp-json\/wp\/v2\/pages"}],"about":[{"href":"https:\/\/lang.com.pl\/en\/wp-json\/wp\/v2\/types\/page"}],"author":[{"embeddable":true,"href":"https:\/\/lang.com.pl\/en\/wp-json\/wp\/v2\/users\/3"}],"replies":[{"embeddable":true,"href":"https:\/\/lang.com.pl\/en\/wp-json\/wp\/v2\/comments?post=17023"}],"version-history":[{"count":2,"href":"https:\/\/lang.com.pl\/en\/wp-json\/wp\/v2\/pages\/17023\/revisions"}],"predecessor-version":[{"id":17025,"href":"https:\/\/lang.com.pl\/en\/wp-json\/wp\/v2\/pages\/17023\/revisions\/17025"}],"wp:featuredmedia":[{"embeddable":true,"href":"https:\/\/lang.com.pl\/en\/wp-json\/wp\/v2\/media\/14831"}],"wp:attachment":[{"href":"https:\/\/lang.com.pl\/en\/wp-json\/wp\/v2\/media?parent=17023"}],"wp:term":[{"taxonomy":"category","embeddable":true,"href":"https:\/\/lang.com.pl\/en\/wp-json\/wp\/v2\/categories?post=17023"},{"taxonomy":"post_tag","embeddable":true,"href":"https:\/\/lang.com.pl\/en\/wp-json\/wp\/v2\/tags?post=17023"}],"curies":[{"name":"wp","href":"https:\/\/api.w.org\/{rel}","templated":true}]}}